{"id":1652,"date":"2020-06-29T14:57:48","date_gmt":"2020-06-29T14:57:48","guid":{"rendered":"https:\/\/mojo-trade.com\/?page_id=1652"},"modified":"2020-06-29T15:10:56","modified_gmt":"2020-06-29T15:10:56","slug":"jobs-at-mojo","status":"publish","type":"page","link":"https:\/\/mojo-trade.com\/?page_id=1652","title":{"rendered":"JOBS"},"content":{"rendered":"\n<h1 class=\"wp-block-heading\"><strong>Selbst\u00e4ndige Handelsvertreter (m\/w\/d) Parf\u00fcm-, Drogerie- &amp; Kosmetik \u2013 Einzelhandel<\/strong> <\/h1>\n\n\n\n<p><strong>Vertriebsgebiete<\/strong><\/p>\n\n\n\n<ul class=\"wp-block-list\"><li>Deutschland alle PLZ Gebiete<\/li><li>Ungarn, Tschechien, Schweiz, Portugal, Polen, \u00d6sterreich, Niederlande, Beneluxl\u00e4nder, D\u00e4nemark, Kroatien<\/li><\/ul>\n\n\n\n<p><strong>Aufgaben<\/strong><\/p>\n\n\n\n<ul class=\"wp-block-list\"><li>Aktive Neukundenakquise f\u00fcr unsere s\u00fcdkoreanischen Marken und Produkte im Bereich K\u00f6rperpflege und Kosmetik in der selektiven Distribution: Parf\u00fcmerien (private Gesch\u00e4ften und Filialisten), Instituten, Beauty Salons, SPA, Concept-stores<\/li><li>Intensive Vermarktung<\/li><li>Beratung und Begeisterung unserer Kunden<\/li><li>Eigenst\u00e4ndige Bearbeitung in Ihrer Heimatregion<\/li><\/ul>\n\n\n\n<p><strong>Sie bieten uns f\u00fcr eine enge und vertrauensvolle Zusammenarbeit:<\/strong><\/p>\n\n\n\n<ul class=\"wp-block-list\"><li>Eine kontaktstarke und verbindliche Pers\u00f6nlichkeit f\u00fcr unsere Neu- und Bestandskunden<\/li><li>Authentisches und kundenorientiertes Auftreten<\/li><li>Verhandlungsgeschick und Kommunikationsst\u00e4rke beim Vermitteln unserer Marken und Produkte<\/li><li>Freude am Verkauf und an der Weiterentwicklung des eigenen Vertriebstalentes<\/li><li>Eine ausf\u00fchrliche Erfahrung mit Kosmetikprodukten und Kosmetikmarken<\/li><li>Ein bestehendes Netzwerk an Kunden in der Kosmetik- Selektivdistribution<\/li><\/ul>\n\n\n\n<p><strong>Wir bieten Ihnen f\u00fcr Ihren langfristigen Erfolg:<\/strong><\/p>\n\n\n\n<ul class=\"wp-block-list\"><li>Ein starkes Portfolio an K-Beauty Marken mit hohem Umsatzpotential, u.a. die Marke Mr &amp; Mrs SKIN, ICONIKAIR! und FARMSKIN-Superfood for Skin<\/li><li>Eine sehr attraktive Umsatzprovision<\/li><li>Unterst\u00fctzung in der Verhandlung und Registrierung mit Handelspartnern: Parf\u00fcmerie- Ketten und -Kooperationen.<\/li><li>Regelm\u00e4\u00dfige Telkos und Meetings zum Austausch und zur F\u00f6rderung Ihres Verkaufstalentes<\/li><li>Geringe administrative Aufw\u00e4nde und viel Freiraum f\u00fcr Ihr eigenverantwortliches Handeln<\/li><\/ul>\n\n\n\n<p>Bitte senden Sie Ihre Bewerbung per E-Mail an: <a href=\"mailto:info@mojo-trade.com\" target=\"_blank\" rel=\"noreferrer noopener\">info@mojo-trade.com<\/a><\/p>\n","protected":false},"excerpt":{"rendered":"<p>Selbst\u00e4ndige Handelsvertreter (m\/w\/d) Parf\u00fcm-, Drogerie- &amp; Kosmetik \u2013 Einzelhandel Vertriebsgebiete Deutschland alle PLZ Gebiete Ungarn, Tschechien, Schweiz, Portugal, Polen, \u00d6sterreich, Niederlande, Beneluxl\u00e4nder, D\u00e4nemark, Kroatien Aufgaben Aktive Neukundenakquise f\u00fcr unsere s\u00fcdkoreanischen &#8230;<\/p>\n","protected":false},"author":1,"featured_media":0,"parent":0,"menu_order":0,"comment_status":"closed","ping_status":"closed","template":"template-fullwidth.php","meta":{"footnotes":""},"class_list":["post-1652","page","type-page","status-publish","hentry"],"_links":{"self":[{"href":"https:\/\/mojo-trade.com\/index.php?rest_route=\/wp\/v2\/pages\/1652","targetHints":{"allow":["GET"]}}],"collection":[{"href":"https:\/\/mojo-trade.com\/index.php?rest_route=\/wp\/v2\/pages"}],"about":[{"href":"https:\/\/mojo-trade.com\/index.php?rest_route=\/wp\/v2\/types\/page"}],"author":[{"embeddable":true,"href":"https:\/\/mojo-trade.com\/index.php?rest_route=\/wp\/v2\/users\/1"}],"replies":[{"embeddable":true,"href":"https:\/\/mojo-trade.com\/index.php?rest_route=%2Fwp%2Fv2%2Fcomments&post=1652"}],"version-history":[{"count":8,"href":"https:\/\/mojo-trade.com\/index.php?rest_route=\/wp\/v2\/pages\/1652\/revisions"}],"predecessor-version":[{"id":1665,"href":"https:\/\/mojo-trade.com\/index.php?rest_route=\/wp\/v2\/pages\/1652\/revisions\/1665"}],"wp:attachment":[{"href":"https:\/\/mojo-trade.com\/index.php?rest_route=%2Fwp%2Fv2%2Fmedia&parent=1652"}],"curies":[{"name":"wp","href":"https:\/\/api.w.org\/{rel}","templated":true}]}}